{"id":20,"date":"2021-11-26T16:10:41","date_gmt":"2021-11-26T15:10:41","guid":{"rendered":"http:\/\/www.comdici.fr\/?page_id=20"},"modified":"2022-02-17T15:58:34","modified_gmt":"2022-02-17T14:58:34","slug":"mes-services","status":"publish","type":"page","link":"https:\/\/www.comdici.fr\/index.php\/mes-services\/","title":{"rendered":"Mes Services"},"content":{"rendered":"<p>[et_pb_section fb_built=\u00a0\u00bb1&Prime; _builder_version=\u00a0\u00bb4.14.1&Prime; _module_preset=\u00a0\u00bbdefault\u00a0\u00bb custom_padding=\u00a0\u00bb0px||4px|||\u00a0\u00bb global_colors_info=\u00a0\u00bb{}\u00a0\u00bb][et_pb_row _builder_version=\u00a0\u00bb4.14.1&Prime; _module_preset=\u00a0\u00bbdefault\u00a0\u00bb global_colors_info=\u00a0\u00bb{}\u00a0\u00bb][et_pb_column type=\u00a0\u00bb4_4&Prime; _builder_version=\u00a0\u00bb4.14.1&Prime; _module_preset=\u00a0\u00bbdefault\u00a0\u00bb global_colors_info=\u00a0\u00bb{}\u00a0\u00bb][et_pb_text _builder_version=\u00a0\u00bb4.14.1&Prime; _module_preset=\u00a0\u00bbdefault\u00a0\u00bb global_colors_info=\u00a0\u00bb{}\u00a0\u00bb]<\/p>\n<h1 style=\"text-align: center;\">Mes Services<\/h1>\n<p>[\/et_pb_text][\/et_pb_column][\/et_pb_row][\/et_pb_section][et_pb_section fb_built=\u00a0\u00bb1&Prime; _builder_version=\u00a0\u00bb4.14.1&Prime; _module_preset=\u00a0\u00bbdefault\u00a0\u00bb background_image=\u00a0\u00bbhttp:\/\/www.comdici.fr\/wp-content\/uploads\/2021\/11\/IMG-20200927-WA0103.jpg\u00a0\u00bb global_colors_info=\u00a0\u00bb{}\u00a0\u00bb][et_pb_row _builder_version=\u00a0\u00bb4.14.1&Prime; _module_preset=\u00a0\u00bbdefault\u00a0\u00bb background_color=\u00a0\u00bbrgba(254,249,242,0.9)\u00a0\u00bb max_width=\u00a0\u00bb1920px\u00a0\u00bb global_colors_info=\u00a0\u00bb{}\u00a0\u00bb][et_pb_column type=\u00a0\u00bb4_4&Prime; _builder_version=\u00a0\u00bb4.14.1&Prime; _module_preset=\u00a0\u00bbdefault\u00a0\u00bb global_colors_info=\u00a0\u00bb{}\u00a0\u00bb][et_pb_text _builder_version=\u00a0\u00bb4.14.7&Prime; _module_preset=\u00a0\u00bbdefault\u00a0\u00bb custom_padding=\u00a0\u00bb25px|25px|25px|25px|false|false\u00a0\u00bb global_colors_info=\u00a0\u00bb{}\u00a0\u00bb]<\/p>\n<h2>Pourquoi \u00eatre sur les r\u00e9seaux ?<\/h2>\n<p>&nbsp;<\/p>\n<p>Les r\u00e9seaux sociaux sont devenus incontournables pour d\u00e9velopper la notori\u00e9t\u00e9 et l&rsquo;image de son entreprise, mais \u00e9galement pour fid\u00e9liser ses clients pour en faire des ambassadeurs, cr\u00e9er du lien et bien s\u00fbr d\u00e9velopper ses ventes !<\/p>\n<p>[\/et_pb_text][\/et_pb_column][\/et_pb_row][\/et_pb_section][et_pb_section fb_built=\u00a0\u00bb1&Prime; _builder_version=\u00a0\u00bb4.14.1&Prime; _module_preset=\u00a0\u00bbdefault\u00a0\u00bb background_image=\u00a0\u00bbhttps:\/\/www.comdici.fr\/wp-content\/uploads\/2022\/01\/Plan-de-travail-1.png\u00a0\u00bb background_position=\u00a0\u00bbbottom_center\u00a0\u00bb custom_padding=\u00a0\u00bb5px||6px|||\u00a0\u00bb global_colors_info=\u00a0\u00bb{}\u00a0\u00bb][et_pb_row _builder_version=\u00a0\u00bb4.14.7&Prime; _module_preset=\u00a0\u00bbdefault\u00a0\u00bb background_color=\u00a0\u00bb#ffffff\u00a0\u00bb max_width=\u00a0\u00bb1920px\u00a0\u00bb custom_margin=\u00a0\u00bb||||false|false\u00a0\u00bb custom_padding=\u00a0\u00bb10px|10px|10px|10px|false|false\u00a0\u00bb global_colors_info=\u00a0\u00bb{}\u00a0\u00bb][et_pb_column type=\u00a0\u00bb4_4&Prime; _builder_version=\u00a0\u00bb4.14.1&Prime; _module_preset=\u00a0\u00bbdefault\u00a0\u00bb global_colors_info=\u00a0\u00bb{}\u00a0\u00bb][et_pb_text _builder_version=\u00a0\u00bb4.14.1&Prime; _module_preset=\u00a0\u00bbdefault\u00a0\u00bb global_colors_info=\u00a0\u00bb{}\u00a0\u00bb]<\/p>\n<h2>Pourquoi faire appel \u00e0 un Community Manager ?<\/h2>\n<p>&nbsp;<\/p>\n<p>Les r\u00e9seaux sociaux n\u00e9cessitent une strat\u00e9gie, des comp\u00e9tences et du temps.<\/p>\n<p>Le community manager est un expert qui pourra vous faire b\u00e9n\u00e9ficier de son savoir-faire, vous faire gagner du temps et vous accompagner dans la gestion de vos r\u00e9seaux sociaux.<\/p>\n<p>Un community manager a de nombreuses missions : cr\u00e9er du contenu, f\u00e9d\u00e9rer une communaut\u00e9, \u00eatre le garant d&rsquo;une entreprise sur les r\u00e9seaux sociaux mais \u00e9galement analyser les r\u00e9sultats, faire de la veille, cr\u00e9er des campagnes sponsoris\u00e9es, etc.<\/p>\n<p>Un community manager peut \u00e9galement d\u00e9finir la strat\u00e9gie d&rsquo;une structure sur les r\u00e9seaux sociaux, dans ce cas, il a la casquette de \u00ab\u00a0Social Media Manager\u00a0\u00bb Je propose les deux et je peux \u00e9galement vous accompagner pour vous aider \u00e0 \u00eatre autonome.<\/p>\n<p>[\/et_pb_text][\/et_pb_column][\/et_pb_row][\/et_pb_section][et_pb_section fb_built=\u00a0\u00bb1&Prime; _builder_version=\u00a0\u00bb4.14.1&Prime; _module_preset=\u00a0\u00bbdefault\u00a0\u00bb background_color=\u00a0\u00bb#4CADA6&Prime; background_image=\u00a0\u00bbhttps:\/\/www.comdici.fr\/wp-content\/uploads\/2022\/01\/Plan-de-travail-4.png\u00a0\u00bb custom_padding=\u00a0\u00bb4px||24px|||\u00a0\u00bb global_colors_info=\u00a0\u00bb{}\u00a0\u00bb][et_pb_row _builder_version=\u00a0\u00bb4.14.1&Prime; _module_preset=\u00a0\u00bbdefault\u00a0\u00bb global_colors_info=\u00a0\u00bb{}\u00a0\u00bb][et_pb_column type=\u00a0\u00bb4_4&Prime; _builder_version=\u00a0\u00bb4.14.1&Prime; _module_preset=\u00a0\u00bbdefault\u00a0\u00bb global_colors_info=\u00a0\u00bb{}\u00a0\u00bb][et_pb_text _builder_version=\u00a0\u00bb4.14.1&Prime; _module_preset=\u00a0\u00bbdefault\u00a0\u00bb header_2_text_color=\u00a0\u00bb#FEF9F2&Prime; global_colors_info=\u00a0\u00bb{}\u00a0\u00bb]<\/p>\n<h2 style=\"text-align: center;\">Mes Services<\/h2>\n<p>[\/et_pb_text][\/et_pb_column][\/et_pb_row][et_pb_row column_structure=\u00a0\u00bb1_3,1_3,1_3&Prime; _builder_version=\u00a0\u00bb4.14.7&Prime; _module_preset=\u00a0\u00bbdefault\u00a0\u00bb background_color=\u00a0\u00bb#4CADA6&Prime; max_width=\u00a0\u00bb1920px\u00a0\u00bb custom_padding=\u00a0\u00bb10px|10px|10px|10px|false|false\u00a0\u00bb global_colors_info=\u00a0\u00bb{}\u00a0\u00bb][et_pb_column type=\u00a0\u00bb1_3&Prime; _builder_version=\u00a0\u00bb4.14.1&Prime; _module_preset=\u00a0\u00bbdefault\u00a0\u00bb global_colors_info=\u00a0\u00bb{}\u00a0\u00bb][et_pb_image src=\u00a0\u00bbhttp:\/\/www.comdici.fr\/wp-content\/uploads\/2021\/11\/StrategieSocialMedia.png\u00a0\u00bb alt=\u00a0\u00bbMes Services &#8211; Strat\u00e9gie Social Media\u00a0\u00bb title_text=\u00a0\u00bbMes Services &#8211; Strat\u00e9gie Social Media\u00a0\u00bb url=\u00a0\u00bb@ET-DC@eyJkeW5hbWljIjp0cnVlLCJjb250ZW50IjoicG9zdF9saW5rX3VybF9wYWdlIiwic2V0dGluZ3MiOnsicG9zdF9pZCI6IjMwIn19@\u00a0\u00bb align=\u00a0\u00bbcenter\u00a0\u00bb _builder_version=\u00a0\u00bb4.14.1&Prime; _dynamic_attributes=\u00a0\u00bburl\u00a0\u00bb _module_preset=\u00a0\u00bbdefault\u00a0\u00bb max_width=\u00a0\u00bb150px\u00a0\u00bb global_colors_info=\u00a0\u00bb{}\u00a0\u00bb][\/et_pb_image][et_pb_text _builder_version=\u00a0\u00bb4.14.1&Prime; _dynamic_attributes=\u00a0\u00bblink_option_url\u00a0\u00bb _module_preset=\u00a0\u00bbdefault\u00a0\u00bb text_text_color=\u00a0\u00bb#FEF9F2&Prime; header_3_font=\u00a0\u00bbRaleway|700|||||||\u00a0\u00bb header_3_text_color=\u00a0\u00bb#FEF9F2&Prime; text_orientation=\u00a0\u00bbcenter\u00a0\u00bb link_option_url=\u00a0\u00bb@ET-DC@eyJkeW5hbWljIjp0cnVlLCJjb250ZW50IjoicG9zdF9saW5rX3VybF9wYWdlIiwic2V0dGluZ3MiOnsicG9zdF9pZCI6IjMwIn19@\u00a0\u00bb global_colors_info=\u00a0\u00bb{}\u00a0\u00bb]<\/p>\n<h3>Strat\u00e9gie Social Media<\/h3>\n<p>Etablir une strat\u00e9gie pour vos r\u00e9seaux sociaux est indispensable.<\/p>\n<p>Elle d\u00e9finit toutes les actions qui doivent \u00eatre mises en place pour vous rendre visible, cr\u00e9er de l&rsquo;engagement, une communaut\u00e9 et atteindre vos objectifs.<\/p>\n<p>[\/et_pb_text][\/et_pb_column][et_pb_column type=\u00a0\u00bb1_3&Prime; _builder_version=\u00a0\u00bb4.14.1&Prime; _module_preset=\u00a0\u00bbdefault\u00a0\u00bb global_colors_info=\u00a0\u00bb{}\u00a0\u00bb][et_pb_image src=\u00a0\u00bbhttps:\/\/www.comdici.fr\/wp-content\/uploads\/2022\/01\/Plan-de-travail-6-1.png\u00a0\u00bb alt=\u00a0\u00bbMes Services &#8211; Community Management\u00a0\u00bb title_text=\u00a0\u00bbPlan de travail 6&Prime; url=\u00a0\u00bb@ET-DC@eyJkeW5hbWljIjp0cnVlLCJjb250ZW50IjoicG9zdF9saW5rX3VybF9wYWdlIiwic2V0dGluZ3MiOnsicG9zdF9pZCI6IjI3In19@\u00a0\u00bb align=\u00a0\u00bbcenter\u00a0\u00bb _builder_version=\u00a0\u00bb4.14.1&Prime; _dynamic_attributes=\u00a0\u00bburl\u00a0\u00bb _module_preset=\u00a0\u00bbdefault\u00a0\u00bb max_width=\u00a0\u00bb150px\u00a0\u00bb global_colors_info=\u00a0\u00bb{}\u00a0\u00bb][\/et_pb_image][et_pb_text _builder_version=\u00a0\u00bb4.14.1&Prime; _dynamic_attributes=\u00a0\u00bblink_option_url\u00a0\u00bb _module_preset=\u00a0\u00bbdefault\u00a0\u00bb text_text_color=\u00a0\u00bb#FEF9F2&Prime; header_3_font=\u00a0\u00bbRaleway|700|||||||\u00a0\u00bb header_3_text_color=\u00a0\u00bb#FEF9F2&Prime; text_orientation=\u00a0\u00bbcenter\u00a0\u00bb link_option_url=\u00a0\u00bb@ET-DC@eyJkeW5hbWljIjp0cnVlLCJjb250ZW50IjoicG9zdF9saW5rX3VybF9wYWdlIiwic2V0dGluZ3MiOnsicG9zdF9pZCI6IjI3In19@\u00a0\u00bb global_colors_info=\u00a0\u00bb{}\u00a0\u00bb]<\/p>\n<h3>Animation et gestion des r\u00e9seaux sociaux<\/h3>\n<p>Vous \u00eates perdus dans la gestion de vos r\u00e9seaux sociaux, vous ne savez pas comment faire et vous n&rsquo;avez pas le temps ou tout simplement pas l&rsquo;envie ?<\/p>\n<p>Je g\u00e8re pour vous !<\/p>\n<p>[\/et_pb_text][\/et_pb_column][et_pb_column type=\u00a0\u00bb1_3&Prime; _builder_version=\u00a0\u00bb4.14.1&Prime; _module_preset=\u00a0\u00bbdefault\u00a0\u00bb global_colors_info=\u00a0\u00bb{}\u00a0\u00bb][et_pb_image src=\u00a0\u00bbhttp:\/\/www.comdici.fr\/wp-content\/uploads\/2021\/11\/AccompagnementPersonnalise.png\u00a0\u00bb alt=\u00a0\u00bbMes Services &#8211; Accompagnement Personnalis\u00e9\u00a0\u00bb title_text=\u00a0\u00bbMes Services &#8211; Accompagnement Personnalis\u00e9\u00a0\u00bb url=\u00a0\u00bb@ET-DC@eyJkeW5hbWljIjp0cnVlLCJjb250ZW50IjoicG9zdF9saW5rX3VybF9wYWdlIiwic2V0dGluZ3MiOnsicG9zdF9pZCI6IjI3In19@\u00a0\u00bb align=\u00a0\u00bbcenter\u00a0\u00bb _builder_version=\u00a0\u00bb4.14.1&Prime; _dynamic_attributes=\u00a0\u00bburl\u00a0\u00bb _module_preset=\u00a0\u00bbdefault\u00a0\u00bb max_width=\u00a0\u00bb150px\u00a0\u00bb global_colors_info=\u00a0\u00bb{}\u00a0\u00bb][\/et_pb_image][et_pb_text _builder_version=\u00a0\u00bb4.14.1&Prime; _dynamic_attributes=\u00a0\u00bblink_option_url\u00a0\u00bb _module_preset=\u00a0\u00bbdefault\u00a0\u00bb text_text_color=\u00a0\u00bb#FEF9F2&Prime; header_3_font=\u00a0\u00bbRaleway|700|||||||\u00a0\u00bb header_3_text_color=\u00a0\u00bb#FEF9F2&Prime; text_orientation=\u00a0\u00bbcenter\u00a0\u00bb link_option_url=\u00a0\u00bb@ET-DC@eyJkeW5hbWljIjp0cnVlLCJjb250ZW50IjoicG9zdF9saW5rX3VybF9wYWdlIiwic2V0dGluZ3MiOnsicG9zdF9pZCI6IjI0In19@\u00a0\u00bb global_colors_info=\u00a0\u00bb{}\u00a0\u00bb custom_padding=\u00a0\u00bb||0px|||\u00a0\u00bb]<\/p>\n<h3>Accompagnement personnalis\u00e9<\/h3>\n<p>Vous souhaitez \u00eatre autonome mais vous ne savez pas comment vous y prendre ?<\/p>\n<p>Je propose des accompagnements sous forme d&rsquo;ateliers strat\u00e9giques et pratiques en visio ou en pr\u00e9sentiel ainsi que du coaching.<\/p>\n<p>[\/et_pb_text][\/et_pb_column][\/et_pb_row][\/et_pb_section][et_pb_section fb_built=\u00a0\u00bb1&Prime; _builder_version=\u00a0\u00bb4.14.1&Prime; _module_preset=\u00a0\u00bbdefault\u00a0\u00bb custom_padding=\u00a0\u00bb0px||0px|||\u00a0\u00bb global_colors_info=\u00a0\u00bb{}\u00a0\u00bb][\/et_pb_section]<\/p>\n","protected":false},"excerpt":{"rendered":"<p>Mes ServicesPourquoi \u00eatre sur les r\u00e9seaux ? &nbsp; Les r\u00e9seaux sociaux sont devenus incontournables pour d\u00e9velopper la notori\u00e9t\u00e9 et l&rsquo;image de son entreprise, mais \u00e9galement pour fid\u00e9liser ses clients pour en faire des ambassadeurs, cr\u00e9er du lien et bien s\u00fbr d\u00e9velopper ses ventes !Pourquoi faire appel \u00e0 un Community Manager ? &nbsp; Les r\u00e9seaux sociaux [&hellip;]<\/p>\n","protected":false},"author":1,"featured_media":0,"parent":0,"menu_order":0,"comment_status":"closed","ping_status":"closed","template":"","meta":{"_seopress_robots_primary_cat":"","_seopress_titles_title":"","_seopress_titles_desc":"","_seopress_robots_index":"","_et_pb_use_builder":"on","_et_pb_old_content":"","_et_gb_content_width":"","footnotes":""},"_links":{"self":[{"href":"https:\/\/www.comdici.fr\/index.php\/wp-json\/wp\/v2\/pages\/20"}],"collection":[{"href":"https:\/\/www.comdici.fr\/index.php\/wp-json\/wp\/v2\/pages"}],"about":[{"href":"https:\/\/www.comdici.fr\/index.php\/wp-json\/wp\/v2\/types\/page"}],"author":[{"embeddable":true,"href":"https:\/\/www.comdici.fr\/index.php\/wp-json\/wp\/v2\/users\/1"}],"replies":[{"embeddable":true,"href":"https:\/\/www.comdici.fr\/index.php\/wp-json\/wp\/v2\/comments?post=20"}],"version-history":[{"count":0,"href":"https:\/\/www.comdici.fr\/index.php\/wp-json\/wp\/v2\/pages\/20\/revisions"}],"wp:attachment":[{"href":"https:\/\/www.comdici.fr\/index.php\/wp-json\/wp\/v2\/media?parent=20"}],"curies":[{"name":"wp","href":"https:\/\/api.w.org\/{rel}","templated":true}]}}